{"id":1072,"date":"2024-05-31T02:18:26","date_gmt":"2024-05-31T02:18:26","guid":{"rendered":"https:\/\/lfigp.org\/?page_id=1072"},"modified":"2024-05-31T02:18:26","modified_gmt":"2024-05-31T02:18:26","slug":"scolarite-a-lelementaire","status":"publish","type":"page","link":"https:\/\/lfigp.org\/fr\/scolarite-a-lelementaire\/","title":{"rendered":"Scolarit\u00e9\u00a0\u00e0 l&rsquo;\u00e9l\u00e9mentaire"},"content":{"rendered":"","protected":false},"excerpt":{"rendered":"","protected":false},"author":1,"featured_media":0,"parent":0,"menu_order":0,"comment_status":"closed","ping_status":"closed","template":"","meta":{"footnotes":""},"class_list":["post-1072","page","type-page","status-publish","hentry"],"blocksy_meta":[],"_links":{"self":[{"href":"https:\/\/lfigp.org\/fr\/wp-json\/wp\/v2\/pages\/1072","targetHints":{"allow":["GET"]}}],"collection":[{"href":"https:\/\/lfigp.org\/fr\/wp-json\/wp\/v2\/pages"}],"about":[{"href":"https:\/\/lfigp.org\/fr\/wp-json\/wp\/v2\/types\/page"}],"author":[{"embeddable":true,"href":"https:\/\/lfigp.org\/fr\/wp-json\/wp\/v2\/users\/1"}],"replies":[{"embeddable":true,"href":"https:\/\/lfigp.org\/fr\/wp-json\/wp\/v2\/comments?post=1072"}],"version-history":[{"count":0,"href":"https:\/\/lfigp.org\/fr\/wp-json\/wp\/v2\/pages\/1072\/revisions"}],"wp:attachment":[{"href":"https:\/\/lfigp.org\/fr\/wp-json\/wp\/v2\/media?parent=1072"}],"curies":[{"name":"wp","href":"https:\/\/api.w.org\/{rel}","templated":true}]}}